{"id":19,"date":"2018-09-01T15:56:00","date_gmt":"2018-09-01T15:56:00","guid":{"rendered":"https:\/\/themify.me\/demo\/themes\/shoppe-men\/?page_id=146"},"modified":"2024-03-13T14:04:20","modified_gmt":"2024-03-13T14:04:20","slug":"standorte","status":"publish","type":"page","link":"https:\/\/willibetz.com\/index.php\/standorte\/","title":{"rendered":"Standorte"},"content":{"rendered":"<!--themify_builder_content-->\n<div id=\"themify_builder_content-19\" data-postid=\"19\" class=\"themify_builder_content themify_builder_content-19 themify_builder tf_clear\">\n                    <div  data-lazy=\"1\" class=\"module_row themify_builder_row tb_2af335c tb_first tf_w\">\n            <span  class=\"builder_row_cover tf_abs\" data-lazy=\"1\"><\/span>            <div class=\"row_inner col_align_top tb_col_count_2 tf_box tf_rel\">\n                        <div  data-lazy=\"1\" class=\"module_column tb-column col4-2 tb_8270a01 first\">\n                            <\/div>\n                    <div  data-lazy=\"1\" class=\"module_column tb-column col4-2 tb_0484cd7 last\">\n                            <\/div>\n                        <\/div>\n        <\/div>\n                        <div  data-lazy=\"1\" class=\"module_row themify_builder_row tb_f9dcb21 tf_w\">\n                        <div class=\"row_inner col_align_top tb_col_count_1 tf_box tf_rel\">\n                        <div  data-lazy=\"1\" class=\"module_column tb-column col-full tb_e189feb first\">\n                    <!-- module fancy heading -->\n<div  class=\"module module-fancy-heading tb_38e33e5  tb_hide_divider\" data-lazy=\"1\">\n        <h3 class=\"fancy-heading tf_textc\">\n    <span class=\"main-head tf_block\">\n                    Standorte            <\/span>\n\n    \n    <span class=\"sub-head tf_block tf_rel\">\n                    Hier erhalten Sie einen \u00dcberblick \u00fcber unsere Standorte in Deutschland und im europ\u00e4ischen Ausland.            <\/span>\n    <\/h3>\n<\/div>\n<!-- \/module fancy heading -->\n        <\/div>\n                        <\/div>\n        <\/div>\n                        <div  data-css_id=\"0wzi998\" data-lazy=\"1\" class=\"module_row themify_builder_row fullwidth tb_0wzi998 tf_w\">\n                        <div class=\"row_inner col_align_top tb_col_count_1 tf_box tf_rel\">\n                        <div  data-lazy=\"1\" class=\"module_column tb-column col-full tb_j1v0998 first\">\n                            <\/div>\n                        <\/div>\n        <\/div>\n        <\/div>\n<!--\/themify_builder_content-->","protected":false},"excerpt":{"rendered":"","protected":false},"author":1,"featured_media":0,"parent":0,"menu_order":0,"comment_status":"closed","ping_status":"closed","template":"","meta":{"footnotes":""},"class_list":["post-19","page","type-page","status-publish","hentry","has-post-title","has-post-date","has-post-category","has-post-tag","has-post-comment","has-post-author",""],"builder_content":"<h3>Standorte<br\/>Hier erhalten Sie einen \u00dcberblick \u00fcber unsere Standorte in Deutschland und im europ\u00e4ischen Ausland.<\/h3>","_links":{"self":[{"href":"https:\/\/willibetz.com\/index.php\/wp-json\/wp\/v2\/pages\/19","targetHints":{"allow":["GET"]}}],"collection":[{"href":"https:\/\/willibetz.com\/index.php\/wp-json\/wp\/v2\/pages"}],"about":[{"href":"https:\/\/willibetz.com\/index.php\/wp-json\/wp\/v2\/types\/page"}],"author":[{"embeddable":true,"href":"https:\/\/willibetz.com\/index.php\/wp-json\/wp\/v2\/users\/1"}],"replies":[{"embeddable":true,"href":"https:\/\/willibetz.com\/index.php\/wp-json\/wp\/v2\/comments?post=19"}],"version-history":[{"count":30,"href":"https:\/\/willibetz.com\/index.php\/wp-json\/wp\/v2\/pages\/19\/revisions"}],"predecessor-version":[{"id":914,"href":"https:\/\/willibetz.com\/index.php\/wp-json\/wp\/v2\/pages\/19\/revisions\/914"}],"wp:attachment":[{"href":"https:\/\/willibetz.com\/index.php\/wp-json\/wp\/v2\/media?parent=19"}],"curies":[{"name":"wp","href":"https:\/\/api.w.org\/{rel}","templated":true}]}}