{"id":443,"date":"2023-06-30T13:25:31","date_gmt":"2023-06-30T13:25:31","guid":{"rendered":"https:\/\/willibetz.com\/standorte-copy\/"},"modified":"2024-03-13T14:04:03","modified_gmt":"2024-03-13T14:04:03","slug":"unternehmen","status":"publish","type":"page","link":"https:\/\/willibetz.com\/index.php\/unternehmen\/","title":{"rendered":"Das Unternehmen"},"content":{"rendered":"<!--themify_builder_content-->\n<div id=\"themify_builder_content-443\" data-postid=\"443\" class=\"themify_builder_content themify_builder_content-443 themify_builder tf_clear\">\n                    <div  data-lazy=\"1\" class=\"module_row themify_builder_row tb_v789206 tb_first tf_w\">\n            <span  class=\"builder_row_cover tf_abs\" data-lazy=\"1\"><\/span>            <div class=\"row_inner col_align_top tb_col_count_2 tf_box tf_rel\">\n                        <div  data-lazy=\"1\" class=\"module_column tb-column col4-2 tb_ujsc848 first\">\n                            <\/div>\n                    <div  data-lazy=\"1\" class=\"module_column tb-column col4-2 tb_68ri080 last\">\n                            <\/div>\n                        <\/div>\n        <\/div>\n                        <div  data-lazy=\"1\" class=\"module_row themify_builder_row tb_dzfm720 tf_w\">\n                        <div class=\"row_inner col_align_top tb_col_count_1 tf_box tf_rel\">\n                        <div  data-lazy=\"1\" class=\"module_column tb-column col-full tb_8ro1050 first\">\n                    <!-- module fancy heading -->\n<div  class=\"module module-fancy-heading tb_j7da607  tb_hide_divider\" data-lazy=\"1\">\n        <h3 class=\"fancy-heading tf_textc\">\n    <span class=\"main-head tf_block\">\n                    Unternehmen            <\/span>\n\n    \n    <span class=\"sub-head tf_block tf_rel\">\n                    Unsere Firmengeschichte             <\/span>\n    <\/h3>\n<\/div>\n<!-- \/module fancy heading -->\n        <\/div>\n                        <\/div>\n        <\/div>\n                        <div  data-lazy=\"1\" class=\"module_row themify_builder_row tb_u4u0765 tf_w\">\n                        <div class=\"row_inner col_align_top tb_col_count_2 tf_box tf_rel\">\n                        <div  data-lazy=\"1\" class=\"module_column tb-column col4-1 tb_srsn600 first\">\n                    <!-- module image -->\n<div  class=\"module module-image tb_jk0d362 image-top   tf_mw\" data-lazy=\"1\">\n        <div class=\"image-wrap tf_rel tf_mw\">\n            <img loading=\"lazy\" decoding=\"async\" width=\"300\" height=\"164\" src=\"https:\/\/willibetz.com\/wp-content\/uploads\/2023\/06\/WB-0186-300x164-1.jpg\" class=\"wp-post-image wp-image-450\" title=\"WB-0186-300x164\" alt=\"WB-0186-300x164\">    \n        <\/div>\n    <!-- \/image-wrap -->\n    \n        <\/div>\n<!-- \/module image -->        <\/div>\n                    <div  data-lazy=\"1\" class=\"module_column tb-column col4-3 tb_olqo341 last\">\n                    <!-- module text -->\n<div  class=\"module module-text tb_0ccx224   \" data-lazy=\"1\">\n        <div  class=\"tb_text_wrap\">\n        <p>Mit der Vision Grenzen zu \u00fcberwinden und neue Wege zu beschreiten, gr\u00fcndete Willi Betz in Undingen auf der Schw\u00e4bischen Alb im Alter von 17 Jahren sein Transportunternehmen. Das deutsche Wirtschaftswunder pr\u00e4gte die 50er- und 60er-Jahre der Republik und das Unternehmen wuchs schnell. Neben der Gr\u00fcndung von Tochterfirmen in \u00d6sterreich, Italien, Frankreich, England und den Niederlanden begann das Unternehmen, Transporte nach Pakistan, Teheran und Afghanistan durchzuf\u00fchren.<\/p>    <\/div>\n<\/div>\n<!-- \/module text -->        <\/div>\n                        <\/div>\n        <\/div>\n                        <div  data-lazy=\"1\" class=\"module_row themify_builder_row tb_bc2a269 tf_w\">\n                        <div class=\"row_inner col_align_top tb_col_count_2 tf_box tf_rel\">\n                        <div  data-lazy=\"1\" class=\"module_column tb-column col4-3 tb_yhtb270 first\">\n                    <!-- module text -->\n<div  class=\"module module-text tb_siwr270   \" data-lazy=\"1\">\n        <div  class=\"tb_text_wrap\">\n        <p>Als Ost und West Ende der 1960er Jahre noch durch einen \u201eeisernen Vorhang\u201c getrennt waren, kn\u00fcpfte Willi Betz bereits Kontakt zum staatlichen Transportunternehmen SOMAT in Bulgarien. Durch das fr\u00fche und gro\u00dfe Engagement im Osten sind wir zu einem der f\u00fchrenden Transportdienstleister f\u00fcr den Wachstumsmarkt Naher und Mittlerer Osten geworden. Mit Niederlassungen in Teheran, Jeddah und Bagdad entstanden eigene B\u00fcros und Terminals, die einen reibungslosen Ablauf der Transporte garantierten. In den Jahren nach dem Fall der Berliner Mauer haben wir verst\u00e4rkt den Verkehr in die GUS aufgenommen und bieten bis heute Transportdienstleistungen nach Russland, Usbekistan, Tadschikistan, Kasachstan, Turkmenistan, Kirgistan, Georgien, Aserbaidschan und Armenien an.<\/p>    <\/div>\n<\/div>\n<!-- \/module text -->        <\/div>\n                    <div  data-lazy=\"1\" class=\"module_column tb-column col4-1 tb_xo8m269 last\">\n                    <!-- module image -->\n<div  class=\"module module-image tb_5woy597 image-top   tf_mw\" data-lazy=\"1\">\n        <div class=\"image-wrap tf_rel tf_mw\">\n            <img loading=\"lazy\" decoding=\"async\" width=\"300\" height=\"206\" src=\"https:\/\/willibetz.com\/wp-content\/uploads\/2023\/06\/bv-0002-300x206-1.jpg\" class=\"wp-post-image wp-image-448\" title=\"bv-0002-300x206\" alt=\"bv-0002-300x206\">    \n        <\/div>\n    <!-- \/image-wrap -->\n    \n        <\/div>\n<!-- \/module image -->        <\/div>\n                        <\/div>\n        <\/div>\n                        <div  data-lazy=\"1\" class=\"module_row themify_builder_row tb_u5gx532 tf_w\">\n                        <div class=\"row_inner col_align_top tb_col_count_2 tf_box tf_rel\">\n                        <div  data-lazy=\"1\" class=\"module_column tb-column col4-1 tb_met1532 first\">\n                    <!-- module image -->\n<div  class=\"module module-image tb_j8b3411 image-top   tf_mw\" data-lazy=\"1\">\n        <div class=\"image-wrap tf_rel tf_mw\">\n            <img loading=\"lazy\" decoding=\"async\" width=\"300\" height=\"206\" src=\"https:\/\/willibetz.com\/wp-content\/uploads\/2023\/06\/bv-0094-300x206-1.jpg\" class=\"wp-post-image wp-image-449\" title=\"bv-0094-300x206\" alt=\"bv-0094-300x206\">    \n        <\/div>\n    <!-- \/image-wrap -->\n    \n        <\/div>\n<!-- \/module image -->        <\/div>\n                    <div  data-lazy=\"1\" class=\"module_column tb-column col4-3 tb_ha2w532 last\">\n                    <!-- module text -->\n<div  class=\"module module-text tb_1fzf532   \" data-lazy=\"1\">\n        <div  class=\"tb_text_wrap\">\n        <p>Von Porto bis Almaty, von Murmansk bis Teheran \u2013 unsere Fahrzeuge sind auf allen Verkehrswegen zuhause. Wir \u00fcberwinden Grenzen und sind f\u00fcr unsere Kunden ein kompetenter Partner f\u00fcr individuelle Transportl\u00f6sungen und zukunftsweisende Projekte. Wir bewegen Komponenten f\u00fcr die Automobilindustrie, Waschmittel und frisches Gem\u00fcse ebenso wie Schokolade und Pkws.<\/p>    <\/div>\n<\/div>\n<!-- \/module text -->        <\/div>\n                        <\/div>\n        <\/div>\n                        <div  data-lazy=\"1\" class=\"module_row themify_builder_row tb_k8hk560 tf_w\">\n                        <div class=\"row_inner col_align_top tb_col_count_2 tf_box tf_rel\">\n                        <div  data-lazy=\"1\" class=\"module_column tb-column col4-3 tb_rxps560 first\">\n                    <!-- module text -->\n<div  class=\"module module-text tb_h2bc561   \" data-lazy=\"1\">\n        <div  class=\"tb_text_wrap\">\n        <p>Als verl\u00e4sslicher Partner f\u00fcr temperaturgef\u00fchrte Transporte, konventionelle Transporte mit Planensattelaufliegern und Megatrailern sowie \u00dcberma\u00dftransporte und Teilpartien k\u00f6nnen wir Ihnen ein breites Leistungsspektrum bieten. Traditionell sind wir stark in Osteuropa, Zentralasien und dem Kaukasus. In Bulgarien, Rum\u00e4nien, in der T\u00fcrkei und im Iran sind wir mit eigenen Niederlassungen oder Partnern vertreten, die Sie bei der Durchf\u00fchrung Ihres Transports gerne beraten und unterst\u00fctzen.<\/p>    <\/div>\n<\/div>\n<!-- \/module text -->        <\/div>\n                    <div  data-lazy=\"1\" class=\"module_column tb-column col4-1 tb_lhq3561 last\">\n                    <!-- module image -->\n<div  class=\"module module-image tb_k2hu21 image-top   tf_mw\" data-lazy=\"1\">\n        <div class=\"image-wrap tf_rel tf_mw\">\n            <img loading=\"lazy\" decoding=\"async\" width=\"300\" height=\"152\" src=\"https:\/\/willibetz.com\/wp-content\/uploads\/2023\/06\/WB-0229-300x152-1.jpg\" class=\"wp-post-image wp-image-451\" title=\"WB-0229-300x152\" alt=\"WB-0229-300x152\">    \n        <\/div>\n    <!-- \/image-wrap -->\n    \n        <\/div>\n<!-- \/module image -->        <\/div>\n                        <\/div>\n        <\/div>\n        <\/div>\n<!--\/themify_builder_content-->","protected":false},"excerpt":{"rendered":"<p>Mit der Vision Grenzen zu \u00fcberwinden und neue Wege zu beschreiten, gr\u00fcndete Willi Betz in Undingen auf der Schw\u00e4bischen Alb im Alter von 17 Jahren sein Transportunternehmen. Das deutsche Wirtschaftswunder pr\u00e4gte die 50er- und 60er-Jahre der Republik und das Unternehmen wuchs schnell. Neben der Gr\u00fcndung von Tochterfirmen in \u00d6sterreich, Italien, Frankreich, England und den Niederlanden [&hellip;]<\/p>\n","protected":false},"author":1,"featured_media":0,"parent":0,"menu_order":0,"comment_status":"closed","ping_status":"closed","template":"","meta":{"footnotes":""},"class_list":["post-443","page","type-page","status-publish","hentry","has-post-title","has-post-date","has-post-category","has-post-tag","has-post-comment","has-post-author",""],"builder_content":"<h3>Unternehmen<br\/>Unsere Firmengeschichte <\/h3>\n<img src=\"https:\/\/willibetz.com\/wp-content\/uploads\/2023\/06\/WB-0186-300x164-1.jpg\" title=\"WB-0186-300x164\" alt=\"WB-0186-300x164\">\n<p>Mit der Vision Grenzen zu \u00fcberwinden und neue Wege zu beschreiten, gr\u00fcndete Willi Betz in Undingen auf der Schw\u00e4bischen Alb im Alter von 17 Jahren sein Transportunternehmen. Das deutsche Wirtschaftswunder pr\u00e4gte die 50er- und 60er-Jahre der Republik und das Unternehmen wuchs schnell. Neben der Gr\u00fcndung von Tochterfirmen in \u00d6sterreich, Italien, Frankreich, England und den Niederlanden begann das Unternehmen, Transporte nach Pakistan, Teheran und Afghanistan durchzuf\u00fchren.<\/p>\n<p>Als Ost und West Ende der 1960er Jahre noch durch einen \u201eeisernen Vorhang\u201c getrennt waren, kn\u00fcpfte Willi Betz bereits Kontakt zum staatlichen Transportunternehmen SOMAT in Bulgarien. Durch das fr\u00fche und gro\u00dfe Engagement im Osten sind wir zu einem der f\u00fchrenden Transportdienstleister f\u00fcr den Wachstumsmarkt Naher und Mittlerer Osten geworden. Mit Niederlassungen in Teheran, Jeddah und Bagdad entstanden eigene B\u00fcros und Terminals, die einen reibungslosen Ablauf der Transporte garantierten. In den Jahren nach dem Fall der Berliner Mauer haben wir verst\u00e4rkt den Verkehr in die GUS aufgenommen und bieten bis heute Transportdienstleistungen nach Russland, Usbekistan, Tadschikistan, Kasachstan, Turkmenistan, Kirgistan, Georgien, Aserbaidschan und Armenien an.<\/p>\n<img src=\"https:\/\/willibetz.com\/wp-content\/uploads\/2023\/06\/bv-0002-300x206-1.jpg\" title=\"bv-0002-300x206\" alt=\"bv-0002-300x206\">\n<img src=\"https:\/\/willibetz.com\/wp-content\/uploads\/2023\/06\/bv-0094-300x206-1.jpg\" title=\"bv-0094-300x206\" alt=\"bv-0094-300x206\">\n<p>Von Porto bis Almaty, von Murmansk bis Teheran \u2013 unsere Fahrzeuge sind auf allen Verkehrswegen zuhause. Wir \u00fcberwinden Grenzen und sind f\u00fcr unsere Kunden ein kompetenter Partner f\u00fcr individuelle Transportl\u00f6sungen und zukunftsweisende Projekte. Wir bewegen Komponenten f\u00fcr die Automobilindustrie, Waschmittel und frisches Gem\u00fcse ebenso wie Schokolade und Pkws.<\/p>\n<p>Als verl\u00e4sslicher Partner f\u00fcr temperaturgef\u00fchrte Transporte, konventionelle Transporte mit Planensattelaufliegern und Megatrailern sowie \u00dcberma\u00dftransporte und Teilpartien k\u00f6nnen wir Ihnen ein breites Leistungsspektrum bieten. Traditionell sind wir stark in Osteuropa, Zentralasien und dem Kaukasus. In Bulgarien, Rum\u00e4nien, in der T\u00fcrkei und im Iran sind wir mit eigenen Niederlassungen oder Partnern vertreten, die Sie bei der Durchf\u00fchrung Ihres Transports gerne beraten und unterst\u00fctzen.<\/p>\n<img src=\"https:\/\/willibetz.com\/wp-content\/uploads\/2023\/06\/WB-0229-300x152-1.jpg\" title=\"WB-0229-300x152\" alt=\"WB-0229-300x152\">","_links":{"self":[{"href":"https:\/\/willibetz.com\/index.php\/wp-json\/wp\/v2\/pages\/443","targetHints":{"allow":["GET"]}}],"collection":[{"href":"https:\/\/willibetz.com\/index.php\/wp-json\/wp\/v2\/pages"}],"about":[{"href":"https:\/\/willibetz.com\/index.php\/wp-json\/wp\/v2\/types\/page"}],"author":[{"embeddable":true,"href":"https:\/\/willibetz.com\/index.php\/wp-json\/wp\/v2\/users\/1"}],"replies":[{"embeddable":true,"href":"https:\/\/willibetz.com\/index.php\/wp-json\/wp\/v2\/comments?post=443"}],"version-history":[{"count":20,"href":"https:\/\/willibetz.com\/index.php\/wp-json\/wp\/v2\/pages\/443\/revisions"}],"predecessor-version":[{"id":912,"href":"https:\/\/willibetz.com\/index.php\/wp-json\/wp\/v2\/pages\/443\/revisions\/912"}],"wp:attachment":[{"href":"https:\/\/willibetz.com\/index.php\/wp-json\/wp\/v2\/media?parent=443"}],"curies":[{"name":"wp","href":"https:\/\/api.w.org\/{rel}","templated":true}]}}