{"id":468,"date":"2023-07-03T06:43:25","date_gmt":"2023-07-03T06:43:25","guid":{"rendered":"https:\/\/willibetz.com\/standorte-copy\/"},"modified":"2025-07-07T12:40:55","modified_gmt":"2025-07-07T12:40:55","slug":"karriere","status":"publish","type":"page","link":"https:\/\/willibetz.com\/index.php\/karriere\/","title":{"rendered":"Karriere"},"content":{"rendered":"<!--themify_builder_content-->\n<div id=\"themify_builder_content-468\" data-postid=\"468\" class=\"themify_builder_content themify_builder_content-468 themify_builder tf_clear\">\n                    <div  data-lazy=\"1\" class=\"module_row themify_builder_row tb_znvi093 tb_first tf_w\">\n            <span  class=\"builder_row_cover tf_abs\" data-lazy=\"1\"><\/span>            <div class=\"row_inner col_align_top tb_col_count_2 tf_box tf_rel\">\n                        <div  data-lazy=\"1\" class=\"module_column tb-column col4-2 tb_5fz0890 first\">\n                            <\/div>\n                    <div  data-lazy=\"1\" class=\"module_column tb-column col4-2 tb_vy22919 last\">\n                            <\/div>\n                        <\/div>\n        <\/div>\n                        <div  data-lazy=\"1\" class=\"module_row themify_builder_row tb_8j6y903 tf_w\">\n                        <div class=\"row_inner col_align_top tb_col_count_1 tf_box tf_rel\">\n                        <div  data-lazy=\"1\" class=\"module_column tb-column col-full tb_u4f6910 first\">\n                    <!-- module fancy heading -->\n<div  class=\"module module-fancy-heading tb_98f2144  tb_hide_divider\" data-lazy=\"1\">\n        <h3 class=\"fancy-heading tf_textc\">\n    <span class=\"main-head tf_block\">\n                    Karriere            <\/span>\n\n    \n    <span class=\"sub-head tf_block tf_rel\">\n                                <\/span>\n    <\/h3>\n<\/div>\n<!-- \/module fancy heading -->\n<!-- module text -->\n<div  class=\"module module-text tb_w1kf455   \" data-lazy=\"1\">\n        <div  class=\"tb_text_wrap\">\n        <p>Zur Verst\u00e4rkung unseres Teams\u00a0<br>suchen wir zum n\u00e4chstm\u00f6glichen Zeitpunkt<\/p>    <\/div>\n<\/div>\n<!-- \/module text -->        <div  data-lazy=\"1\" class=\"module_subrow themify_builder_sub_row tf_w col_align_top tb_col_count_1 tb_iejj871\">\n                <div  data-lazy=\"1\" class=\"module_column sub_column col-full tb_ookd871 first\">\n                    <!-- module text -->\n<div  class=\"module module-text tb_ngux775   \" data-lazy=\"1\">\n        <div  class=\"tb_text_wrap\">\n        <p style=\"text-align: left;\">Hausmeister \/ Allrounder (w\/m\/d) auf Minijob Basis\u00a0 &#8211; <strong><a href=\"https:\/\/willibetz.com\/wp-content\/uploads\/2025\/07\/19_Hausmeister_Allrounder.pdf\" target=\"_blank\" rel=\"noopener\">FLYER DOWNLOAD\u00a0<\/a><\/strong><\/p>    <\/div>\n<\/div>\n<!-- \/module text --><!-- module text -->\n<div  class=\"module module-text tb_too7557   \" data-lazy=\"1\">\n        <div  class=\"tb_text_wrap\">\n        <p style=\"text-align: left;\">Mitarbeiter in Disposition\/Kundenbetreuung International (M\/W\/D)\u00a0 &#8211; <strong><a href=\"file:\/\/\/C:\/Users\/ivayla.stoeva\/Desktop\/02_Disposition_Kundenbetreuung.pdf\" target=\"_blank\" rel=\"noopener\">FLYER DOWNLOAD\u00a0<\/a><\/strong><\/p>    <\/div>\n<\/div>\n<!-- \/module text --><!-- module text -->\n<div  class=\"module module-text tb_44gt74   \" data-lazy=\"1\">\n        <div  class=\"tb_text_wrap\">\n        <p style=\"text-align: left;\">Mitarbeiter Vertriebsinnendienst (M\/W\/D)\u00a0 &#8211; <strong><a href=\"file:\/\/\/C:\/Users\/ivayla.stoeva\/AppData\/Local\/Microsoft\/Windows\/INetCache\/Content.Outlook\/KEGL8KQM\/02_Vertriebsinnendienst.pdf\" target=\"_blank\" rel=\"noopener\">FLYER DOWNLOAD\u00a0<\/a><\/strong><\/p>    <\/div>\n<\/div>\n<!-- \/module text --><!-- module text -->\n<div  class=\"module module-text tb_olw4109   \" data-lazy=\"1\">\n        <div  class=\"tb_text_wrap\">\n        <p style=\"text-align: left;\">Buchhalter\/in (M\/W\/D)\u00a0 &#8211; <strong><a href=\"http:\/\/willibetz.com\/wp-content\/uploads\/2025\/03\/Buchhalter_Holding_Reutlingen.pdf\" target=\"_blank\" rel=\"noopener\">FLYER DOWNLOAD\u00a0<\/a><\/strong><\/p>    <\/div>\n<\/div>\n<!-- \/module text -->        <\/div>\n                    <\/div>\n                <div  data-lazy=\"1\" class=\"module_subrow themify_builder_sub_row tf_w col_align_top tb_col_count_1 tb_zmdu506\">\n                <div  data-lazy=\"1\" class=\"module_column sub_column col-full tb_lsnk506 first\">\n                    <!-- module text -->\n<div  class=\"module module-text tb_7qbs638   \" data-lazy=\"1\">\n        <div  class=\"tb_text_wrap\">\n        <p style=\"text-align: left;\">Kaufm\u00e4nnischer MA (M\/W\/D)\u00a0 &#8211; <strong><a href=\"https:\/\/willibetz.com\/wp-content\/uploads\/2025\/03\/Kaufmaennischer-MA_Holding_Reutlingen.pdf\" target=\"_blank\" rel=\"noopener\">FLYER DOWNLOAD\u00a0<\/a><\/strong><\/p>    <\/div>\n<\/div>\n<!-- \/module text -->        <\/div>\n                    <\/div>\n                <div  data-lazy=\"1\" class=\"module_subrow themify_builder_sub_row tf_w col_align_top tb_col_count_1 tb_2kno471\">\n                <div  data-lazy=\"1\" class=\"module_column sub_column col-full tb_0wbf471 first\">\n                            <\/div>\n                    <\/div>\n                <\/div>\n                        <\/div>\n        <\/div>\n                        <div  data-css_id=\"jha3041\" data-lazy=\"1\" class=\"module_row themify_builder_row fullwidth_row_container tb_jha3041 tf_w\">\n                        <div class=\"row_inner col_align_top tb_col_count_1 tf_box tf_rel\">\n                        <div  data-lazy=\"1\" class=\"module_column tb-column col-full tb_pus4401 first\">\n                    <!-- module divider -->\n<div  class=\"module tf_mw module-divider tb_6fkz627 solid   \" style=\"border-width: 1px;border-color: #000;margin-bottom: 50px;\" data-lazy=\"1\">\n    <\/div>\n<!-- \/module divider -->\n<!-- module text -->\n<div  class=\"module module-text tb_4bl9542   \" data-lazy=\"1\">\n        <div  class=\"tb_text_wrap\">\n        <p>Zur Verst\u00e4rkung unseres Teams suchen wir zum n\u00e4chstm\u00f6glichen Zeitpunkt Berufstkraftfahrer (M\/W\/D) an folgenden Standorten<\/p>    <\/div>\n<\/div>\n<!-- \/module text --><!-- module text -->\n<div  class=\"module module-text tb_4cc6328   \" data-lazy=\"1\">\n        <div  class=\"tb_text_wrap\">\n        <p style=\"text-align: left;\">Berufskraftfahrer <strong>D\u00fcsseldorf<\/strong>&#8211; Zugmaschine Plane\u00a0 &#8211; <strong><a href=\"https:\/\/willibetz.com\/wp-content\/uploads\/2023\/07\/2_Berufskraftfahrer_Duesseldorf_Zugmaschine_Plane-Kopie.pdf\" target=\"_blank\" rel=\"noopener\">FLYER DOWNLOAD\u00a0<\/a><\/strong><\/p>    <\/div>\n<\/div>\n<!-- \/module text --><!-- module text -->\n<div  class=\"module module-text tb_okkf233   \" data-lazy=\"1\">\n        <div  class=\"tb_text_wrap\">\n        <p style=\"text-align: left;\">Berufskraftfahrer <strong>D\u00fcsseldorf<\/strong>&#8211; H\u00e4ngerzug Tandem\u00a0 &#8211; <strong><a href=\"https:\/\/willibetz.com\/wp-content\/uploads\/2023\/07\/3_Berufskraftfahrer_Duesseldorf_Haengerzug_Tandem.pdf\" target=\"_blank\" rel=\"noopener\">FLYER DOWNLOAD\u00a0<\/a><\/strong><\/p>    <\/div>\n<\/div>\n<!-- \/module text --><!-- module text -->\n<div  class=\"module module-text tb_b9hx359   \" data-lazy=\"1\">\n        <div  class=\"tb_text_wrap\">\n        <p style=\"text-align: left;\">Berufskraftfahrer <strong>D\u00fcsseldorf<\/strong>&#8211; Zugmaschine Schubboden &#8211; <strong><a href=\"https:\/\/willibetz.com\/wp-content\/uploads\/2023\/07\/6_Berufskraftfahrer_Duesseldorf_Zugmaschiene_Schubboden.pdf\" target=\"_blank\" rel=\"noopener\">FLYER DOWNLOAD\u00a0<\/a><\/strong><\/p>    <\/div>\n<\/div>\n<!-- \/module text --><!-- module text -->\n<div  class=\"module module-text tb_2abs361   \" data-lazy=\"1\">\n        <div  class=\"tb_text_wrap\">\n        <p style=\"text-align: left;\">Berufskraftfahrer <b>G\u00f6ppingen &#8211;\u00a0<\/b>H\u00e4ngerzug Tandem &#8211; <strong><a href=\"https:\/\/willibetz.com\/wp-content\/uploads\/2023\/07\/4_Berufskraftfahrer_Goeppingen_Haengerzug_Tandem-1.pdf\" target=\"_blank\" rel=\"noopener\">FLYER DOWNLOAD\u00a0<\/a><\/strong><\/p>    <\/div>\n<\/div>\n<!-- \/module text --><!-- module text -->\n<div  class=\"module module-text tb_b4o8128   \" data-lazy=\"1\">\n        <div  class=\"tb_text_wrap\">\n        <p style=\"text-align: left;\">Berufskraftfahrer <b>Karlsruhe <\/b>&#8211; Zugmaschine Zugboden \u00a0&#8211; <strong><a href=\"https:\/\/willibetz.com\/wp-content\/uploads\/2023\/07\/6_Berufskraftfahrer_Duesseldorf_Zugmaschiene_Schubboden.pdf\" target=\"_blank\" rel=\"noopener\">FLYER DOWNLOAD\u00a0<\/a><\/strong><\/p>    <\/div>\n<\/div>\n<!-- \/module text --><!-- module text -->\n<div  class=\"module module-text tb_cdux579   \" data-lazy=\"1\">\n        <div  class=\"tb_text_wrap\">\n        <p style=\"text-align: left;\">Berufskraftfahrer <b>Karlsruhe <\/b>&#8211; Zugmaschine Zement Silo &#8211; <strong><a href=\"https:\/\/willibetz.com\/wp-content\/uploads\/2023\/07\/7_Berufskraftfahrer_Karlsruhe_Zugmaschiene_Zement-Silo-1.pdf\" target=\"_blank\" rel=\"noopener\">FLYER DOWNLOAD\u00a0<\/a><\/strong><\/p>    <\/div>\n<\/div>\n<!-- \/module text --><!-- module text -->\n<div  class=\"module module-text tb_9ovh957   \" data-lazy=\"1\">\n        <div  class=\"tb_text_wrap\">\n        <p style=\"text-align: left;\">Berufskraftfahrer <b>Kitzingen <\/b>&#8211; H\u00e4ngerzug Tandem &#8211; <strong><a href=\"https:\/\/willibetz.com\/wp-content\/uploads\/2023\/07\/9_Berufskraftfahrer_Kitzingen_Haengerzug_Tandem-1.pdf\" target=\"_blank\" rel=\"noopener\">FLYER DOWNLOAD\u00a0<\/a><\/strong><\/p>    <\/div>\n<\/div>\n<!-- \/module text --><!-- module text -->\n<div  class=\"module module-text tb_2u8d279   \" data-lazy=\"1\">\n        <div  class=\"tb_text_wrap\">\n        <p style=\"text-align: left;\">Berufskraftfahrer <b>Rottleberode <\/b>&#8211; Zugmaschine Plane &#8211; <strong><a href=\"https:\/\/willibetz.com\/wp-content\/uploads\/2023\/07\/11_Berufskraftfahrer_Rottleberode_Zugmaschiene_Plane.pdf\" target=\"_blank\" rel=\"noopener\">FLYER DOWNLOAD\u00a0<\/a><\/strong><\/p>    <\/div>\n<\/div>\n<!-- \/module text --><!-- module text -->\n<div  class=\"module module-text tb_fu89328   \" data-lazy=\"1\">\n        <div  class=\"tb_text_wrap\">\n        <p style=\"text-align: left;\">Berufskraftfahrer <b>Rottelberode <\/b>&#8211; Zugmaschine Mehrkammer Silo &#8211; <strong><a href=\"https:\/\/willibetz.com\/wp-content\/uploads\/2023\/07\/12_Berufskraftfahrer_Rottleberode_Zugmaschiene_Mehrkammer-Silo.pdf\" target=\"_blank\" rel=\"noopener\">FLYER DOWNLOAD\u00a0<\/a><\/strong><\/p>    <\/div>\n<\/div>\n<!-- \/module text --><!-- module text -->\n<div  class=\"module module-text tb_3mgu585   \" data-lazy=\"1\">\n        <div  class=\"tb_text_wrap\">\n        <p style=\"text-align: left;\">Berufskraftfahrer <b>W\u00fcrzburg <\/b>&#8211; Zugmaschine Mehrkammer Silo &#8211; <strong><a href=\"https:\/\/willibetz.com\/wp-content\/uploads\/2023\/07\/14_Berufskraftfahrer_Wuerzburg_Zugmaschiene_Mehrkammer-Silo-Kopie.pdf\" target=\"_blank\" rel=\"noopener\">FLYER DOWNLOAD\u00a0<\/a><\/strong><\/p>    <\/div>\n<\/div>\n<!-- \/module text --><!-- module text -->\n<div  class=\"module module-text tb_siji11   \" data-lazy=\"1\">\n        <div  class=\"tb_text_wrap\">\n        <p style=\"text-align: left;\"><strong>In unserer Niederlassung in Ungarn suchen wir ab sofort LKW Fahrer\/innen<\/strong> &#8211; <strong><a href=\"https:\/\/willibetz.com\/wp-content\/uploads\/2023\/07\/Fahrer-Betz-Ungarn_v1.pdf\" target=\"_blank\" rel=\"noopener\">FLYER DOWNLOAD\u00a0<\/a><\/strong><\/p>    <\/div>\n<\/div>\n<!-- \/module text --><!-- module divider -->\n<div  class=\"module tf_mw module-divider tb_q3lg66 solid   \" style=\"border-width: 1px;border-color: #000;margin-bottom: 50px;\" data-lazy=\"1\">\n    <\/div>\n<!-- \/module divider -->\n<!-- module text -->\n<div  class=\"module module-text tb_ruvh866   \" data-lazy=\"1\">\n        <div  class=\"tb_text_wrap\">\n        <p>Ukrainians Abroad \/ \u0423\u041a\u0420\u0410\u0407\u041d\u0426\u0406 \u0417\u0410 \u041a\u041e\u0420\u0414\u041e\u041d\u041e\u041c<\/p>    <\/div>\n<\/div>\n<!-- \/module text --><!-- module text -->\n<div  class=\"module module-text tb_zt7v456   \" data-lazy=\"1\">\n        <div  class=\"tb_text_wrap\">\n        <p>Ein St\u00fcck Heimat in Europa \/ \u041c\u0438 \u043d\u0430\u0434\u0430\u0454\u043c\u043e \u043b\u044e\u0434\u044f\u043c \u0432\u0456\u0434\u0447\u0443\u0442\u0442\u044f \u0434\u043e\u043c\u0443<\/p>\n<p>Sie suchen einen Job? Dann teilen Sie uns einfach mit, an welchem Standort Sie einen Job und welche Art von Job Sie suchen. Wir werden unser Bestes tun, um schnell den richtigen Job f\u00fcr Sie zu finden und Sie bei Formalit\u00e4ten zu unterst\u00fctzen. Dies ist ein kostenfreies Angebot<\/p>\n<p>\u0412\u0430\u043c \u043f\u043e\u0442\u0440\u0456\u0431\u043d\u0430 \u0440\u043e\u0431\u043e\u0442\u0430? \u0414\u043e\u0431\u0440\u0435, \u043f\u043e\u0432\u0456\u0434\u043e\u043c\u0442\u0435 \u043d\u0430\u0441, \u0434\u0435 \u0412\u0438 \u0437\u043d\u0430\u0445\u043e\u0434\u0438\u0442\u0435\u0441\u044c \u0456 \u044f\u043a\u0443 \u0440\u043e\u0431\u043e\u0442\u0443 \u0412\u0438 \u0448\u0443\u043a\u0430\u0454\u0442\u0435. \u041c\u0438 \u0437\u0440\u043e\u0431\u0438\u043c\u043e \u0432\u0441\u0435 \u043c\u043e\u0436\u043b\u0438\u0432\u0435, \u0449\u043e\u0431 \u0448\u0432\u0438\u0434\u043a\u043e \u0437\u043d\u0430\u0439\u0442\u0438 \u043f\u043e\u0442\u0440\u0456\u0431\u043d\u0443 \u0434\u043b\u044f \u0412\u0430\u0441 \u0440\u043e\u0431\u043e\u0442\u0443 \u0442\u0430 \u0434\u043e\u043f\u043e\u043c\u043e\u0436\u0435\u043c\u043e \u0437 \u0443\u0440\u0435\u0433\u0443\u043b\u044e\u0432\u0430\u043d\u043d\u044f\u043c \u0444\u043e\u0440\u043c\u0430\u043b\u044c\u043d\u043e\u0441\u0442\u0435\u0439. \u0417\u0432\u0438\u0447\u0430\u0439\u043d\u043e, \u0432\u0441\u0456 \u043f\u043e\u0441\u043b\u0443\u0433\u0438 \u0431\u0435\u0437\u043a\u043e\u0448\u0442\u043e\u0432\u043d\u0456.<\/p>\n<p><img loading=\"lazy\" decoding=\"async\" class=\"alignnone size-full wp-image-548\" src=\"https:\/\/willibetz.com\/wp-content\/uploads\/2023\/07\/Logo-Ukrainians-Abroad-schmal-300x107-1.jpg\" alt=\"\" width=\"300\" height=\"107\"><\/p>    <\/div>\n<\/div>\n<!-- \/module text --><!-- module divider -->\n<div  class=\"module tf_mw module-divider tb_ugd7258 solid   \" style=\"border-width: 1px;border-color: #000;margin-bottom: 50px;\" data-lazy=\"1\">\n    <\/div>\n<!-- \/module divider -->\n<!-- module text -->\n<div  class=\"module module-text tb_q2f6014   \" data-lazy=\"1\">\n        <div  class=\"tb_text_wrap\">\n        <p>Dynamisch in die Zukunft <br><strong>Ausbildung bei Willi Betz<\/strong><\/p>    <\/div>\n<\/div>\n<!-- \/module text --><!-- module text -->\n<div  class=\"module module-text tb_v1jm276   \" data-lazy=\"1\">\n        <div  class=\"tb_text_wrap\">\n        <p>Die Speditions- und Logistikbranche w\u00e4chst kontinuierlich und ist st\u00e4ndig in Bewegung: wir bewegen Komponenten f\u00fcr die Automobilindustrie, Waschmittel und frisches Gem\u00fcse ebenso wie Schokolade und PKWs. Gerade f\u00fcr junge Erwachsene bietet die Betz Unternehmensgruppe die M\u00f6glichkeit, eine zukunftsorientierte und praxisnahe Ausbildung zu absolvieren.<\/p>\n<p>W\u00e4hrend der Ausbildung lernen die Auszubildenden die unterschiedlichen Gesch\u00e4ftsbereiche des Unternehmens kennen und erleben wie vielf\u00e4ltig und abwechslungsreich die Arbeit in der Spedition ist. Unsere Auszubildenden und Studenten werden von Beginn an in die Arbeitsabl\u00e4ufe eingebunden und profitieren von der langj\u00e4hrigen Erfahrung unserer Mitarbeiter.<\/p>\n<p>Wir bilden folgende Berufe aus:<\/p>\n<ul>\n<li>\n<h4>Kaufmann (m\/w) f\u00fcr Spedition und Logistikdienstleistung<\/h4>\n<\/li>\n<li>\n<h4>Bachelor of Arts (m\/w), Studiengang BWL \u2013 Spedition, Transport, Logistik an der DHBW in L\u00f6rrach<\/h4>\n<\/li>\n<\/ul>\n<p>Wir freuen uns auf Deine Bewerbung an\u00a0<a href=\"mailto:ausbildung@willibetz.com\" target=\"_blank\" rel=\"noopener\">ausbildung@willibetz.com<\/a><\/p>    <\/div>\n<\/div>\n<!-- \/module text -->        <\/div>\n                        <\/div>\n        <\/div>\n        <\/div>\n<!--\/themify_builder_content-->","protected":false},"excerpt":{"rendered":"<p>Zur Verst\u00e4rkung unseres Teams\u00a0suchen wir zum n\u00e4chstm\u00f6glichen Zeitpunkt<\/p>\n","protected":false},"author":1,"featured_media":0,"parent":0,"menu_order":0,"comment_status":"closed","ping_status":"closed","template":"","meta":{"footnotes":""},"class_list":["post-468","page","type-page","status-publish","hentry","has-post-title","has-post-date","has-post-category","has-post-tag","has-post-comment","has-post-author",""],"builder_content":"<h3>Karriere<br\/><\/h3>\n<p>Zur Verst\u00e4rkung unseres Teams\u00a0<br>suchen wir zum n\u00e4chstm\u00f6glichen Zeitpunkt<\/p>\n<p style=\"text-align: left;\">Hausmeister \/ Allrounder (w\/m\/d) auf Minijob Basis\u00a0 - <strong><a href=\"https:\/\/willibetz.com\/wp-content\/uploads\/2025\/07\/19_Hausmeister_Allrounder.pdf\" target=\"_blank\" rel=\"noopener\">FLYER DOWNLOAD\u00a0<\/a><\/strong><\/p>\n<p style=\"text-align: left;\">Mitarbeiter in Disposition\/Kundenbetreuung International (M\/W\/D)\u00a0 - <strong><a href=\"file:\/\/\/C:\/Users\/ivayla.stoeva\/Desktop\/02_Disposition_Kundenbetreuung.pdf\" target=\"_blank\" rel=\"noopener\">FLYER DOWNLOAD\u00a0<\/a><\/strong><\/p>\n<p style=\"text-align: left;\">Mitarbeiter Vertriebsinnendienst (M\/W\/D)\u00a0 - <strong><a href=\"file:\/\/\/C:\/Users\/ivayla.stoeva\/AppData\/Local\/Microsoft\/Windows\/INetCache\/Content.Outlook\/KEGL8KQM\/02_Vertriebsinnendienst.pdf\" target=\"_blank\" rel=\"noopener\">FLYER DOWNLOAD\u00a0<\/a><\/strong><\/p>\n<p style=\"text-align: left;\">Buchhalter\/in (M\/W\/D)\u00a0 - <strong><a href=\"http:\/\/willibetz.com\/wp-content\/uploads\/2025\/03\/Buchhalter_Holding_Reutlingen.pdf\" target=\"_blank\" rel=\"noopener\">FLYER DOWNLOAD\u00a0<\/a><\/strong><\/p>\n<p style=\"text-align: left;\">Kaufm\u00e4nnischer MA (M\/W\/D)\u00a0 - <strong><a href=\"https:\/\/willibetz.com\/wp-content\/uploads\/2025\/03\/Kaufmaennischer-MA_Holding_Reutlingen.pdf\" target=\"_blank\" rel=\"noopener\">FLYER DOWNLOAD\u00a0<\/a><\/strong><\/p>\n\n<p>Zur Verst\u00e4rkung unseres Teams suchen wir zum n\u00e4chstm\u00f6glichen Zeitpunkt Berufstkraftfahrer (M\/W\/D) an folgenden Standorten<\/p>\n<p style=\"text-align: left;\">Berufskraftfahrer <strong>D\u00fcsseldorf<\/strong>- Zugmaschine Plane\u00a0 - <strong><a href=\"https:\/\/willibetz.com\/wp-content\/uploads\/2023\/07\/2_Berufskraftfahrer_Duesseldorf_Zugmaschine_Plane-Kopie.pdf\" target=\"_blank\" rel=\"noopener\">FLYER DOWNLOAD\u00a0<\/a><\/strong><\/p>\n<p style=\"text-align: left;\">Berufskraftfahrer <strong>D\u00fcsseldorf<\/strong>- H\u00e4ngerzug Tandem\u00a0 - <strong><a href=\"https:\/\/willibetz.com\/wp-content\/uploads\/2023\/07\/3_Berufskraftfahrer_Duesseldorf_Haengerzug_Tandem.pdf\" target=\"_blank\" rel=\"noopener\">FLYER DOWNLOAD\u00a0<\/a><\/strong><\/p>\n<p style=\"text-align: left;\">Berufskraftfahrer <strong>D\u00fcsseldorf<\/strong>- Zugmaschine Schubboden - <strong><a href=\"https:\/\/willibetz.com\/wp-content\/uploads\/2023\/07\/6_Berufskraftfahrer_Duesseldorf_Zugmaschiene_Schubboden.pdf\" target=\"_blank\" rel=\"noopener\">FLYER DOWNLOAD\u00a0<\/a><\/strong><\/p>\n<p style=\"text-align: left;\">Berufskraftfahrer <b>G\u00f6ppingen -\u00a0<\/b>H\u00e4ngerzug Tandem - <strong><a href=\"https:\/\/willibetz.com\/wp-content\/uploads\/2023\/07\/4_Berufskraftfahrer_Goeppingen_Haengerzug_Tandem-1.pdf\" target=\"_blank\" rel=\"noopener\">FLYER DOWNLOAD\u00a0<\/a><\/strong><\/p>\n<p style=\"text-align: left;\">Berufskraftfahrer <b>Karlsruhe <\/b>- Zugmaschine Zugboden \u00a0- <strong><a href=\"https:\/\/willibetz.com\/wp-content\/uploads\/2023\/07\/6_Berufskraftfahrer_Duesseldorf_Zugmaschiene_Schubboden.pdf\" target=\"_blank\" rel=\"noopener\">FLYER DOWNLOAD\u00a0<\/a><\/strong><\/p>\n<p style=\"text-align: left;\">Berufskraftfahrer <b>Karlsruhe <\/b>- Zugmaschine Zement Silo - <strong><a href=\"https:\/\/willibetz.com\/wp-content\/uploads\/2023\/07\/7_Berufskraftfahrer_Karlsruhe_Zugmaschiene_Zement-Silo-1.pdf\" target=\"_blank\" rel=\"noopener\">FLYER DOWNLOAD\u00a0<\/a><\/strong><\/p>\n<p style=\"text-align: left;\">Berufskraftfahrer <b>Kitzingen <\/b>- H\u00e4ngerzug Tandem - <strong><a href=\"https:\/\/willibetz.com\/wp-content\/uploads\/2023\/07\/9_Berufskraftfahrer_Kitzingen_Haengerzug_Tandem-1.pdf\" target=\"_blank\" rel=\"noopener\">FLYER DOWNLOAD\u00a0<\/a><\/strong><\/p>\n<p style=\"text-align: left;\">Berufskraftfahrer <b>Rottleberode <\/b>- Zugmaschine Plane - <strong><a href=\"https:\/\/willibetz.com\/wp-content\/uploads\/2023\/07\/11_Berufskraftfahrer_Rottleberode_Zugmaschiene_Plane.pdf\" target=\"_blank\" rel=\"noopener\">FLYER DOWNLOAD\u00a0<\/a><\/strong><\/p>\n<p style=\"text-align: left;\">Berufskraftfahrer <b>Rottelberode <\/b>- Zugmaschine Mehrkammer Silo - <strong><a href=\"https:\/\/willibetz.com\/wp-content\/uploads\/2023\/07\/12_Berufskraftfahrer_Rottleberode_Zugmaschiene_Mehrkammer-Silo.pdf\" target=\"_blank\" rel=\"noopener\">FLYER DOWNLOAD\u00a0<\/a><\/strong><\/p>\n<p style=\"text-align: left;\">Berufskraftfahrer <b>W\u00fcrzburg <\/b>- Zugmaschine Mehrkammer Silo - <strong><a href=\"https:\/\/willibetz.com\/wp-content\/uploads\/2023\/07\/14_Berufskraftfahrer_Wuerzburg_Zugmaschiene_Mehrkammer-Silo-Kopie.pdf\" target=\"_blank\" rel=\"noopener\">FLYER DOWNLOAD\u00a0<\/a><\/strong><\/p>\n<p style=\"text-align: left;\"><strong>In unserer Niederlassung in Ungarn suchen wir ab sofort LKW Fahrer\/innen<\/strong> - <strong><a href=\"https:\/\/willibetz.com\/wp-content\/uploads\/2023\/07\/Fahrer-Betz-Ungarn_v1.pdf\" target=\"_blank\" rel=\"noopener\">FLYER DOWNLOAD\u00a0<\/a><\/strong><\/p>\n\n<p>Ukrainians Abroad \/ \u0423\u041a\u0420\u0410\u0407\u041d\u0426\u0406 \u0417\u0410 \u041a\u041e\u0420\u0414\u041e\u041d\u041e\u041c<\/p>\n<p>Ein St\u00fcck Heimat in Europa \/ \u041c\u0438 \u043d\u0430\u0434\u0430\u0454\u043c\u043e \u043b\u044e\u0434\u044f\u043c \u0432\u0456\u0434\u0447\u0443\u0442\u0442\u044f \u0434\u043e\u043c\u0443<\/p> <p>Sie suchen einen Job? Dann teilen Sie uns einfach mit, an welchem Standort Sie einen Job und welche Art von Job Sie suchen. Wir werden unser Bestes tun, um schnell den richtigen Job f\u00fcr Sie zu finden und Sie bei Formalit\u00e4ten zu unterst\u00fctzen. Dies ist ein kostenfreies Angebot<\/p> <p>\u0412\u0430\u043c \u043f\u043e\u0442\u0440\u0456\u0431\u043d\u0430 \u0440\u043e\u0431\u043e\u0442\u0430? \u0414\u043e\u0431\u0440\u0435, \u043f\u043e\u0432\u0456\u0434\u043e\u043c\u0442\u0435 \u043d\u0430\u0441, \u0434\u0435 \u0412\u0438 \u0437\u043d\u0430\u0445\u043e\u0434\u0438\u0442\u0435\u0441\u044c \u0456 \u044f\u043a\u0443 \u0440\u043e\u0431\u043e\u0442\u0443 \u0412\u0438 \u0448\u0443\u043a\u0430\u0454\u0442\u0435. \u041c\u0438 \u0437\u0440\u043e\u0431\u0438\u043c\u043e \u0432\u0441\u0435 \u043c\u043e\u0436\u043b\u0438\u0432\u0435, \u0449\u043e\u0431 \u0448\u0432\u0438\u0434\u043a\u043e \u0437\u043d\u0430\u0439\u0442\u0438 \u043f\u043e\u0442\u0440\u0456\u0431\u043d\u0443 \u0434\u043b\u044f \u0412\u0430\u0441 \u0440\u043e\u0431\u043e\u0442\u0443 \u0442\u0430 \u0434\u043e\u043f\u043e\u043c\u043e\u0436\u0435\u043c\u043e \u0437 \u0443\u0440\u0435\u0433\u0443\u043b\u044e\u0432\u0430\u043d\u043d\u044f\u043c \u0444\u043e\u0440\u043c\u0430\u043b\u044c\u043d\u043e\u0441\u0442\u0435\u0439. \u0417\u0432\u0438\u0447\u0430\u0439\u043d\u043e, \u0432\u0441\u0456 \u043f\u043e\u0441\u043b\u0443\u0433\u0438 \u0431\u0435\u0437\u043a\u043e\u0448\u0442\u043e\u0432\u043d\u0456.<\/p> <p><img loading=\"lazy\" decoding=\"async\" src=\"https:\/\/willibetz.com\/wp-content\/uploads\/2023\/07\/Logo-Ukrainians-Abroad-schmal-300x107-1.jpg\" alt=\"\" width=\"300\" height=\"107\"><\/p>\n\n<p>Dynamisch in die Zukunft <br><strong>Ausbildung bei Willi Betz<\/strong><\/p>\n<p>Die Speditions- und Logistikbranche w\u00e4chst kontinuierlich und ist st\u00e4ndig in Bewegung: wir bewegen Komponenten f\u00fcr die Automobilindustrie, Waschmittel und frisches Gem\u00fcse ebenso wie Schokolade und PKWs. Gerade f\u00fcr junge Erwachsene bietet die Betz Unternehmensgruppe die M\u00f6glichkeit, eine zukunftsorientierte und praxisnahe Ausbildung zu absolvieren.<\/p> <p>W\u00e4hrend der Ausbildung lernen die Auszubildenden die unterschiedlichen Gesch\u00e4ftsbereiche des Unternehmens kennen und erleben wie vielf\u00e4ltig und abwechslungsreich die Arbeit in der Spedition ist. Unsere Auszubildenden und Studenten werden von Beginn an in die Arbeitsabl\u00e4ufe eingebunden und profitieren von der langj\u00e4hrigen Erfahrung unserer Mitarbeiter.<\/p> <p>Wir bilden folgende Berufe aus:<\/p> <ul> <li> <h4>Kaufmann (m\/w) f\u00fcr Spedition und Logistikdienstleistung<\/h4> <\/li> <li> <h4>Bachelor of Arts (m\/w), Studiengang BWL \u2013 Spedition, Transport, Logistik an der DHBW in L\u00f6rrach<\/h4> <\/li> <\/ul> <p>Wir freuen uns auf Deine Bewerbung an\u00a0<a href=\"mailto:ausbildung@willibetz.com\" target=\"_blank\" rel=\"noopener\">ausbildung@willibetz.com<\/a><\/p>","_links":{"self":[{"href":"https:\/\/willibetz.com\/index.php\/wp-json\/wp\/v2\/pages\/468","targetHints":{"allow":["GET"]}}],"collection":[{"href":"https:\/\/willibetz.com\/index.php\/wp-json\/wp\/v2\/pages"}],"about":[{"href":"https:\/\/willibetz.com\/index.php\/wp-json\/wp\/v2\/types\/page"}],"author":[{"embeddable":true,"href":"https:\/\/willibetz.com\/index.php\/wp-json\/wp\/v2\/users\/1"}],"replies":[{"embeddable":true,"href":"https:\/\/willibetz.com\/index.php\/wp-json\/wp\/v2\/comments?post=468"}],"version-history":[{"count":74,"href":"https:\/\/willibetz.com\/index.php\/wp-json\/wp\/v2\/pages\/468\/revisions"}],"predecessor-version":[{"id":1035,"href":"https:\/\/willibetz.com\/index.php\/wp-json\/wp\/v2\/pages\/468\/revisions\/1035"}],"wp:attachment":[{"href":"https:\/\/willibetz.com\/index.php\/wp-json\/wp\/v2\/media?parent=468"}],"curies":[{"name":"wp","href":"https:\/\/api.w.org\/{rel}","templated":true}]}}