{"id":568,"date":"2023-07-03T10:51:45","date_gmt":"2023-07-03T10:51:45","guid":{"rendered":"https:\/\/willibetz.com\/track-and-trace-copy\/"},"modified":"2024-03-13T14:04:51","modified_gmt":"2024-03-13T14:04:51","slug":"gebrauchtfahrzeuge","status":"publish","type":"page","link":"https:\/\/willibetz.com\/index.php\/gebrauchtfahrzeuge\/","title":{"rendered":"Gebrauchtfahrzeuge"},"content":{"rendered":"<!--themify_builder_content-->\n<div id=\"themify_builder_content-568\" data-postid=\"568\" class=\"themify_builder_content themify_builder_content-568 themify_builder tf_clear\">\n                    <div  data-lazy=\"1\" class=\"module_row themify_builder_row tb_jk75409 tb_first tf_w\">\n            <span  class=\"builder_row_cover tf_abs\" data-lazy=\"1\"><\/span>            <div class=\"row_inner col_align_top tb_col_count_2 tf_box tf_rel\">\n                        <div  data-lazy=\"1\" class=\"module_column tb-column col4-2 tb_1r67000 first\">\n                            <\/div>\n                    <div  data-lazy=\"1\" class=\"module_column tb-column col4-2 tb_o7xp070 last\">\n                            <\/div>\n                        <\/div>\n        <\/div>\n                        <div  data-lazy=\"1\" class=\"module_row themify_builder_row tb_nt37007 tf_w\">\n                        <div class=\"row_inner col_align_top tb_col_count_1 tf_box tf_rel\">\n                        <div  data-lazy=\"1\" class=\"module_column tb-column col-full tb_32o6080 first\">\n                    <!-- module fancy heading -->\n<div  class=\"module module-fancy-heading tb_thqn242  tb_hide_divider\" data-lazy=\"1\">\n        <h3 class=\"fancy-heading tf_textc\">\n    <span class=\"main-head tf_block\">\n                    gebrauchtfahrzeuge            <\/span>\n\n    \n    <span class=\"sub-head tf_block tf_rel\">\n                    Unseren Fuhrpark halten wir stets auf dem neuesten Stand der Technik. Zugmaschinen und Auflieger werden in regelm\u00e4\u00dfigen Abst\u00e4nden erneuert und unser gebrauchtes Equipment zum Verkauf angeboten.            <\/span>\n    <\/h3>\n<\/div>\n<!-- \/module fancy heading -->\n        <div  data-lazy=\"1\" class=\"module_subrow themify_builder_sub_row tf_w col_align_top tb_col_count_1 tb_2dwe704\">\n                <div  data-lazy=\"1\" class=\"module_column sub_column col-full tb_n0xt400 first\">\n                    <!-- module text -->\n<div  class=\"module module-text tb_z7ke134   \" data-lazy=\"1\">\n        <div  class=\"tb_text_wrap\">\n        <p><iframe loading=\"lazy\" style=\"border: 0px #ffffff none;\" src=\"https:\/\/www.truckscout24.de\/DealerListFrame\/2141350186\/2135?vehicleTypeId=0&amp;substructureId=0&amp;makeId=0#_ga=1.114839175.1847151796.1456924675\" name=\"myiFrame\" width=\"1000px\" height=\"1600px\" frameborder=\"1\" marginwidth=\"0px\" marginheight=\"0px\" scrolling=\"no\" allowfullscreen=\"allowfullscreen\"><\/iframe><\/p>\n    <\/div>\n<\/div>\n<!-- \/module text -->        <\/div>\n                    <\/div>\n                <\/div>\n                        <\/div>\n        <\/div>\n        <\/div>\n<!--\/themify_builder_content-->","protected":false},"excerpt":{"rendered":"","protected":false},"author":1,"featured_media":0,"parent":0,"menu_order":0,"comment_status":"closed","ping_status":"closed","template":"","meta":{"footnotes":""},"class_list":["post-568","page","type-page","status-publish","hentry","has-post-title","has-post-date","has-post-category","has-post-tag","has-post-comment","has-post-author",""],"builder_content":"<h3>gebrauchtfahrzeuge<br\/>Unseren Fuhrpark halten wir stets auf dem neuesten Stand der Technik. Zugmaschinen und Auflieger werden in regelm\u00e4\u00dfigen Abst\u00e4nden erneuert und unser gebrauchtes Equipment zum Verkauf angeboten.<\/h3>\n<p><iframe loading=\"lazy\" style=\"border: 0px #ffffff none;\" src=\"https:\/\/www.truckscout24.de\/DealerListFrame\/2141350186\/2135?vehicleTypeId=0&amp;substructureId=0&amp;makeId=0#_ga=1.114839175.1847151796.1456924675\" name=\"myiFrame\" width=\"1000px\" height=\"1600px\" frameborder=\"1\" marginwidth=\"0px\" marginheight=\"0px\" scrolling=\"no\" allowfullscreen=\"allowfullscreen\"><\/iframe><\/p>","_links":{"self":[{"href":"https:\/\/willibetz.com\/index.php\/wp-json\/wp\/v2\/pages\/568","targetHints":{"allow":["GET"]}}],"collection":[{"href":"https:\/\/willibetz.com\/index.php\/wp-json\/wp\/v2\/pages"}],"about":[{"href":"https:\/\/willibetz.com\/index.php\/wp-json\/wp\/v2\/types\/page"}],"author":[{"embeddable":true,"href":"https:\/\/willibetz.com\/index.php\/wp-json\/wp\/v2\/users\/1"}],"replies":[{"embeddable":true,"href":"https:\/\/willibetz.com\/index.php\/wp-json\/wp\/v2\/comments?post=568"}],"version-history":[{"count":13,"href":"https:\/\/willibetz.com\/index.php\/wp-json\/wp\/v2\/pages\/568\/revisions"}],"predecessor-version":[{"id":917,"href":"https:\/\/willibetz.com\/index.php\/wp-json\/wp\/v2\/pages\/568\/revisions\/917"}],"wp:attachment":[{"href":"https:\/\/willibetz.com\/index.php\/wp-json\/wp\/v2\/media?parent=568"}],"curies":[{"name":"wp","href":"https:\/\/api.w.org\/{rel}","templated":true}]}}